{"id":963,"date":"2018-07-04T13:39:11","date_gmt":"2018-07-04T10:39:11","guid":{"rendered":"http:\/\/vastseliinalinnus.ee\/korts-kook\/"},"modified":"2026-03-26T12:58:00","modified_gmt":"2026-03-26T10:58:00","slug":"vastseliinas-cietokna-krodzins","status":"publish","type":"page","link":"https:\/\/vastseliinalinnus.ee\/lv\/vastseliinas-cietokna-krodzins\/","title":{"rendered":"Pils virtuve un krodzi\u0146\u0161"},"content":{"rendered":"","protected":false},"excerpt":{"rendered":"<p>Viduslaiku sv\u0113tku malt\u012bte Vastsel\u012bnas Pilskalna krog\u0101 p\u0101rsteigs ar baud\u0101mu gar\u0161u!<\/p>\n","protected":false},"author":1,"featured_media":2181,"parent":0,"menu_order":0,"comment_status":"closed","ping_status":"closed","template":"","meta":{"footnotes":""},"class_list":["post-963","page","type-page","status-publish","has-post-thumbnail","hentry"],"yoast_head":"<!-- This site is optimized with the Yoast SEO plugin v27.5 - https:\/\/yoast.com\/product\/yoast-seo-wordpress\/ -->\n<title>Pils virtuve un krodzi\u0146\u0161 - Vastseliina linnus<\/title>\n<meta name=\"robots\" content=\"index, follow, max-snippet:-1, max-image-preview:large, max-video-preview:-1\" \/>\n<link rel=\"canonical\" href=\"https:\/\/vastseliinalinnus.ee\/lv\/vastseliinas-cietokna-krodzins\/\" \/>\n<meta property=\"og:locale\" content=\"lv_LV\" \/>\n<meta property=\"og:type\" content=\"article\" \/>\n<meta property=\"og:title\" content=\"Pils virtuve un krodzi\u0146\u0161 - Vastseliina linnus\" \/>\n<meta property=\"og:description\" content=\"Viduslaiku sv\u0113tku malt\u012bte Vastsel\u012bnas Pilskalna krog\u0101 p\u0101rsteigs ar baud\u0101mu gar\u0161u!\" \/>\n<meta property=\"og:url\" content=\"https:\/\/vastseliinalinnus.ee\/lv\/vastseliinas-cietokna-krodzins\/\" \/>\n<meta property=\"og:site_name\" content=\"Vastseliina linnus\" \/>\n<meta property=\"article:publisher\" content=\"https:\/\/www.facebook.com\/vastseliina.piiskopilinnus\/\" \/>\n<meta property=\"article:modified_time\" content=\"2026-03-26T10:58:00+00:00\" \/>\n<meta property=\"og:image\" content=\"https:\/\/vastseliinalinnus.ee\/wp-content\/uploads\/2019\/03\/SZ_180525_NIKON-D5088-1024x683.jpg\" \/>\n\t<meta property=\"og:image:width\" content=\"1024\" \/>\n\t<meta property=\"og:image:height\" content=\"683\" \/>\n\t<meta property=\"og:image:type\" content=\"image\/jpeg\" \/>\n<meta name=\"twitter:card\" content=\"summary_large_image\" \/>\n<meta name=\"twitter:label1\" content=\"Est. reading time\" \/>\n\t<meta name=\"twitter:data1\" content=\"1 minute\" \/>\n<script type=\"application\/ld+json\" class=\"yoast-schema-graph\">{\"@context\":\"https:\\\/\\\/schema.org\",\"@graph\":[{\"@type\":\"WebPage\",\"@id\":\"https:\\\/\\\/vastseliinalinnus.ee\\\/lv\\\/vastseliinas-cietokna-krodzins\\\/\",\"url\":\"https:\\\/\\\/vastseliinalinnus.ee\\\/lv\\\/vastseliinas-cietokna-krodzins\\\/\",\"name\":\"Pils virtuve un krodzi\u0146\u0161 - Vastseliina linnus\",\"isPartOf\":{\"@id\":\"https:\\\/\\\/vastseliinalinnus.ee\\\/#website\"},\"primaryImageOfPage\":{\"@id\":\"https:\\\/\\\/vastseliinalinnus.ee\\\/lv\\\/vastseliinas-cietokna-krodzins\\\/#primaryimage\"},\"image\":{\"@id\":\"https:\\\/\\\/vastseliinalinnus.ee\\\/lv\\\/vastseliinas-cietokna-krodzins\\\/#primaryimage\"},\"thumbnailUrl\":\"https:\\\/\\\/vastseliinalinnus.ee\\\/wp-content\\\/uploads\\\/2019\\\/03\\\/SZ_180525_NIKON-D5088.jpg\",\"datePublished\":\"2018-07-04T10:39:11+00:00\",\"dateModified\":\"2026-03-26T10:58:00+00:00\",\"breadcrumb\":{\"@id\":\"https:\\\/\\\/vastseliinalinnus.ee\\\/lv\\\/vastseliinas-cietokna-krodzins\\\/#breadcrumb\"},\"inLanguage\":\"lv-LV\",\"potentialAction\":[{\"@type\":\"ReadAction\",\"target\":[\"https:\\\/\\\/vastseliinalinnus.ee\\\/lv\\\/vastseliinas-cietokna-krodzins\\\/\"]}]},{\"@type\":\"ImageObject\",\"inLanguage\":\"lv-LV\",\"@id\":\"https:\\\/\\\/vastseliinalinnus.ee\\\/lv\\\/vastseliinas-cietokna-krodzins\\\/#primaryimage\",\"url\":\"https:\\\/\\\/vastseliinalinnus.ee\\\/wp-content\\\/uploads\\\/2019\\\/03\\\/SZ_180525_NIKON-D5088.jpg\",\"contentUrl\":\"https:\\\/\\\/vastseliinalinnus.ee\\\/wp-content\\\/uploads\\\/2019\\\/03\\\/SZ_180525_NIKON-D5088.jpg\",\"width\":5496,\"height\":3664},{\"@type\":\"BreadcrumbList\",\"@id\":\"https:\\\/\\\/vastseliinalinnus.ee\\\/lv\\\/vastseliinas-cietokna-krodzins\\\/#breadcrumb\",\"itemListElement\":[{\"@type\":\"ListItem\",\"position\":1,\"name\":\"Home\",\"item\":\"https:\\\/\\\/vastseliinalinnus.ee\\\/lv\\\/\"},{\"@type\":\"ListItem\",\"position\":2,\"name\":\"Pils virtuve un krodzi\u0146\u0161\"}]},{\"@type\":\"WebSite\",\"@id\":\"https:\\\/\\\/vastseliinalinnus.ee\\\/#website\",\"url\":\"https:\\\/\\\/vastseliinalinnus.ee\\\/\",\"name\":\"Vastseliina linnus\",\"description\":\"\",\"potentialAction\":[{\"@type\":\"SearchAction\",\"target\":{\"@type\":\"EntryPoint\",\"urlTemplate\":\"https:\\\/\\\/vastseliinalinnus.ee\\\/?s={search_term_string}\"},\"query-input\":{\"@type\":\"PropertyValueSpecification\",\"valueRequired\":true,\"valueName\":\"search_term_string\"}}],\"inLanguage\":\"lv-LV\"}]}<\/script>\n<!-- \/ Yoast SEO plugin. -->","yoast_head_json":{"title":"Pils virtuve un krodzi\u0146\u0161 - Vastseliina linnus","robots":{"index":"index","follow":"follow","max-snippet":"max-snippet:-1","max-image-preview":"max-image-preview:large","max-video-preview":"max-video-preview:-1"},"canonical":"https:\/\/vastseliinalinnus.ee\/lv\/vastseliinas-cietokna-krodzins\/","og_locale":"lv_LV","og_type":"article","og_title":"Pils virtuve un krodzi\u0146\u0161 - Vastseliina linnus","og_description":"Viduslaiku sv\u0113tku malt\u012bte Vastsel\u012bnas Pilskalna krog\u0101 p\u0101rsteigs ar baud\u0101mu gar\u0161u!","og_url":"https:\/\/vastseliinalinnus.ee\/lv\/vastseliinas-cietokna-krodzins\/","og_site_name":"Vastseliina linnus","article_publisher":"https:\/\/www.facebook.com\/vastseliina.piiskopilinnus\/","article_modified_time":"2026-03-26T10:58:00+00:00","og_image":[{"width":1024,"height":683,"url":"https:\/\/vastseliinalinnus.ee\/wp-content\/uploads\/2019\/03\/SZ_180525_NIKON-D5088-1024x683.jpg","type":"image\/jpeg"}],"twitter_card":"summary_large_image","twitter_misc":{"Est. reading time":"1 minute"},"schema":{"@context":"https:\/\/schema.org","@graph":[{"@type":"WebPage","@id":"https:\/\/vastseliinalinnus.ee\/lv\/vastseliinas-cietokna-krodzins\/","url":"https:\/\/vastseliinalinnus.ee\/lv\/vastseliinas-cietokna-krodzins\/","name":"Pils virtuve un krodzi\u0146\u0161 - Vastseliina linnus","isPartOf":{"@id":"https:\/\/vastseliinalinnus.ee\/#website"},"primaryImageOfPage":{"@id":"https:\/\/vastseliinalinnus.ee\/lv\/vastseliinas-cietokna-krodzins\/#primaryimage"},"image":{"@id":"https:\/\/vastseliinalinnus.ee\/lv\/vastseliinas-cietokna-krodzins\/#primaryimage"},"thumbnailUrl":"https:\/\/vastseliinalinnus.ee\/wp-content\/uploads\/2019\/03\/SZ_180525_NIKON-D5088.jpg","datePublished":"2018-07-04T10:39:11+00:00","dateModified":"2026-03-26T10:58:00+00:00","breadcrumb":{"@id":"https:\/\/vastseliinalinnus.ee\/lv\/vastseliinas-cietokna-krodzins\/#breadcrumb"},"inLanguage":"lv-LV","potentialAction":[{"@type":"ReadAction","target":["https:\/\/vastseliinalinnus.ee\/lv\/vastseliinas-cietokna-krodzins\/"]}]},{"@type":"ImageObject","inLanguage":"lv-LV","@id":"https:\/\/vastseliinalinnus.ee\/lv\/vastseliinas-cietokna-krodzins\/#primaryimage","url":"https:\/\/vastseliinalinnus.ee\/wp-content\/uploads\/2019\/03\/SZ_180525_NIKON-D5088.jpg","contentUrl":"https:\/\/vastseliinalinnus.ee\/wp-content\/uploads\/2019\/03\/SZ_180525_NIKON-D5088.jpg","width":5496,"height":3664},{"@type":"BreadcrumbList","@id":"https:\/\/vastseliinalinnus.ee\/lv\/vastseliinas-cietokna-krodzins\/#breadcrumb","itemListElement":[{"@type":"ListItem","position":1,"name":"Home","item":"https:\/\/vastseliinalinnus.ee\/lv\/"},{"@type":"ListItem","position":2,"name":"Pils virtuve un krodzi\u0146\u0161"}]},{"@type":"WebSite","@id":"https:\/\/vastseliinalinnus.ee\/#website","url":"https:\/\/vastseliinalinnus.ee\/","name":"Vastseliina linnus","description":"","potentialAction":[{"@type":"SearchAction","target":{"@type":"EntryPoint","urlTemplate":"https:\/\/vastseliinalinnus.ee\/?s={search_term_string}"},"query-input":{"@type":"PropertyValueSpecification","valueRequired":true,"valueName":"search_term_string"}}],"inLanguage":"lv-LV"}]}},"_links":{"self":[{"href":"https:\/\/vastseliinalinnus.ee\/lv\/wp-json\/wp\/v2\/pages\/963","targetHints":{"allow":["GET"]}}],"collection":[{"href":"https:\/\/vastseliinalinnus.ee\/lv\/wp-json\/wp\/v2\/pages"}],"about":[{"href":"https:\/\/vastseliinalinnus.ee\/lv\/wp-json\/wp\/v2\/types\/page"}],"author":[{"embeddable":true,"href":"https:\/\/vastseliinalinnus.ee\/lv\/wp-json\/wp\/v2\/users\/1"}],"replies":[{"embeddable":true,"href":"https:\/\/vastseliinalinnus.ee\/lv\/wp-json\/wp\/v2\/comments?post=963"}],"version-history":[{"count":23,"href":"https:\/\/vastseliinalinnus.ee\/lv\/wp-json\/wp\/v2\/pages\/963\/revisions"}],"predecessor-version":[{"id":7160,"href":"https:\/\/vastseliinalinnus.ee\/lv\/wp-json\/wp\/v2\/pages\/963\/revisions\/7160"}],"wp:featuredmedia":[{"embeddable":true,"href":"https:\/\/vastseliinalinnus.ee\/lv\/wp-json\/wp\/v2\/media\/2181"}],"wp:attachment":[{"href":"https:\/\/vastseliinalinnus.ee\/lv\/wp-json\/wp\/v2\/media?parent=963"}],"curies":[{"name":"wp","href":"https:\/\/api.w.org\/{rel}","templated":true}]}}