{"id":1389,"date":"2018-07-04T15:34:06","date_gmt":"2018-07-04T12:34:06","guid":{"rendered":"https:\/\/vastseliinalinnus.ee\/medieval-theme-park\/elamuspaketid\/"},"modified":"2023-01-25T15:12:21","modified_gmt":"2023-01-25T13:12:21","slug":"services","status":"publish","type":"page","link":"https:\/\/vastseliinalinnus.ee\/en\/medieval-theme-park\/services\/","title":{"rendered":"Services"},"content":{"rendered":"<p>Vastseliina linnuse keskaja\u00a0<a href=\"http:\/\/vastseliinalinnus.ee\/keskaja-elamuskeskus\/\" target=\"_blank\" rel=\"noopener\">elamuskeskuses<\/a>\u00a0on huvitav ka omap\u00e4i uudistada, aga eriti p\u00f5nevaks muutub ringk\u00e4ik keskaegsete linnuser\u00fc\u00fctlite, lossidaamide, hansakaupmeeste ja alkeemikute j\u00e4lgedes siis, kui muuseumi ringk\u00e4igul keegi linnuserahva hulgast p\u00e4ris t\u00f5esti s\u00fcndinud lugusid ja linnusega seotud legende jutustab.<br \/>\nV\u00f5imalust avastada keskaegse elu v\u00f5lusid ja valusid koos linnuseisanda v\u00f5i linnuseemandaga pakume erinevas vanuseklassis 4 vanuseastet j\u00e4rgides erinevaid ekskursioone. Anna oma huvist teada\u00a0<a href=\"mailto:kojaulem@vastseliina.ee\">linnus@vastseliina.ee<\/a>\u00a0v\u00f5i\u00a0<a href=\"tel:+3725096301\">+372 5096301<\/a>.\t\t<\/p>\n<style>\/*! elementor - v3.10.1 - 17-01-2023 *\/\n.elementor-widget-image{text-align:center}.elementor-widget-image a{display:inline-block}.elementor-widget-image a img[src$=\".svg\"]{width:48px}.elementor-widget-image img{vertical-align:middle;display:inline-block}<\/style>\n<p>\t\t\t\t\t\t\t\t\t\t\t\t<img decoding=\"async\" width=\"1024\" height=\"683\" src=\"https:\/\/vastseliinalinnus.ee\/wp-content\/uploads\/2022\/05\/Vastseliina-14_websize-1024x683.jpg\" alt=\"\" loading=\"lazy\" srcset=\"https:\/\/vastseliinalinnus.ee\/wp-content\/uploads\/2022\/05\/Vastseliina-14_websize-1024x683.jpg 1024w, https:\/\/vastseliinalinnus.ee\/wp-content\/uploads\/2022\/05\/Vastseliina-14_websize-300x200.jpg 300w, https:\/\/vastseliinalinnus.ee\/wp-content\/uploads\/2022\/05\/Vastseliina-14_websize-768x512.jpg 768w, https:\/\/vastseliinalinnus.ee\/wp-content\/uploads\/2022\/05\/Vastseliina-14_websize-1536x1024.jpg 1536w, https:\/\/vastseliinalinnus.ee\/wp-content\/uploads\/2022\/05\/Vastseliina-14_websize-720x480.jpg 720w, https:\/\/vastseliinalinnus.ee\/wp-content\/uploads\/2022\/05\/Vastseliina-14_websize-510x340.jpg 510w, https:\/\/vastseliinalinnus.ee\/wp-content\/uploads\/2022\/05\/Vastseliina-14_websize.jpg 1600w\" sizes=\"auto, (max-width: 1024px) 100vw, 1024px\" \/>\t\t\t\t\t\t\t\t\t\t\t\t\t\t\t<\/p>\n<style>\/*! elementor - v3.10.1 - 17-01-2023 *\/\n.elementor-heading-title{padding:0;margin:0;line-height:1}.elementor-widget-heading .elementor-heading-title[class*=elementor-size-]>a{color:inherit;font-size:inherit;line-height:inherit}.elementor-widget-heading .elementor-heading-title.elementor-size-small{font-size:15px}.elementor-widget-heading .elementor-heading-title.elementor-size-medium{font-size:19px}.elementor-widget-heading .elementor-heading-title.elementor-size-large{font-size:29px}.elementor-widget-heading .elementor-heading-title.elementor-size-xl{font-size:39px}.elementor-widget-heading .elementor-heading-title.elementor-size-xxl{font-size:59px}<\/style>\n<h2>Housing<\/h2>\n<p>Lorem ipsum dolor sit amet, consectetur adipiscing elit. Ut elit tellus, luctus nec ullamcorper mattis, pulvinar dapibus leo.<\/p>\n<p>\t\t\t<a href=\"#\" role=\"button\"><br \/>\n\t\t\t\t\t\tClick here<br \/>\n\t\t\t\t\t<\/a><\/p>\n","protected":false},"excerpt":{"rendered":"<p>Vastseliina linnuse keskaja\u00a0elamuskeskuses\u00a0on huvitav ka omap\u00e4i uudistada, aga eriti p\u00f5nevaks muutub ringk\u00e4ik keskaegsete linnuser\u00fc\u00fctlite, lossidaamide, hansakaupmeeste ja alkeemikute j\u00e4lgedes siis, kui muuseumi ringk\u00e4igul keegi linnuserahva hulgast p\u00e4ris t\u00f5esti s\u00fcndinud lugusid ja linnusega seotud legende jutustab. V\u00f5imalust avastada keskaegse elu v\u00f5lusid ja valusid koos linnuseisanda v\u00f5i linnuseemandaga pakume erinevas vanuseklassis 4 vanuseastet j\u00e4rgides erinevaid ekskursioone. Anna [&hellip;]<\/p>\n","protected":false},"author":1,"featured_media":0,"parent":1378,"menu_order":0,"comment_status":"closed","ping_status":"closed","template":"page-templates\/offers.php","meta":{"footnotes":""},"class_list":["post-1389","page","type-page","status-publish","hentry"],"yoast_head":"<!-- This site is optimized with the Yoast SEO plugin v27.4 - https:\/\/yoast.com\/product\/yoast-seo-wordpress\/ -->\n<title>Services - Vastseliina linnus<\/title>\n<meta name=\"robots\" content=\"index, follow, max-snippet:-1, max-image-preview:large, max-video-preview:-1\" \/>\n<link rel=\"canonical\" href=\"https:\/\/vastseliinalinnus.ee\/keskaja-elamuskeskus\/teenused\/\" \/>\n<meta property=\"og:locale\" content=\"en_US\" \/>\n<meta property=\"og:type\" content=\"article\" \/>\n<meta property=\"og:title\" content=\"Services - Vastseliina linnus\" \/>\n<meta property=\"og:description\" content=\"Vastseliina linnuse keskaja\u00a0elamuskeskuses\u00a0on huvitav ka omap\u00e4i uudistada, aga eriti p\u00f5nevaks muutub ringk\u00e4ik keskaegsete linnuser\u00fc\u00fctlite, lossidaamide, hansakaupmeeste ja alkeemikute j\u00e4lgedes siis, kui muuseumi ringk\u00e4igul keegi linnuserahva hulgast p\u00e4ris t\u00f5esti s\u00fcndinud lugusid ja linnusega seotud legende jutustab. V\u00f5imalust avastada keskaegse elu v\u00f5lusid ja valusid koos linnuseisanda v\u00f5i linnuseemandaga pakume erinevas vanuseklassis 4 vanuseastet j\u00e4rgides erinevaid ekskursioone. Anna [&hellip;]\" \/>\n<meta property=\"og:url\" content=\"https:\/\/vastseliinalinnus.ee\/keskaja-elamuskeskus\/teenused\/\" \/>\n<meta property=\"og:site_name\" content=\"Vastseliina linnus\" \/>\n<meta property=\"article:publisher\" content=\"https:\/\/www.facebook.com\/vastseliina.piiskopilinnus\/\" \/>\n<meta property=\"article:modified_time\" content=\"2023-01-25T13:12:21+00:00\" \/>\n<meta property=\"og:image\" content=\"https:\/\/vastseliinalinnus.ee\/wp-content\/uploads\/2022\/05\/Vastseliina-14_websize-1024x683.jpg\" \/>\n<meta name=\"twitter:card\" content=\"summary_large_image\" \/>\n<meta name=\"twitter:label1\" content=\"Est. reading time\" \/>\n\t<meta name=\"twitter:data1\" content=\"1 minute\" \/>\n<script type=\"application\/ld+json\" class=\"yoast-schema-graph\">{\"@context\":\"https:\\\/\\\/schema.org\",\"@graph\":[{\"@type\":\"WebPage\",\"@id\":\"https:\\\/\\\/vastseliinalinnus.ee\\\/keskaja-elamuskeskus\\\/teenused\\\/\",\"url\":\"https:\\\/\\\/vastseliinalinnus.ee\\\/keskaja-elamuskeskus\\\/teenused\\\/\",\"name\":\"Services - Vastseliina linnus\",\"isPartOf\":{\"@id\":\"https:\\\/\\\/vastseliinalinnus.ee\\\/#website\"},\"primaryImageOfPage\":{\"@id\":\"https:\\\/\\\/vastseliinalinnus.ee\\\/keskaja-elamuskeskus\\\/teenused\\\/#primaryimage\"},\"image\":{\"@id\":\"https:\\\/\\\/vastseliinalinnus.ee\\\/keskaja-elamuskeskus\\\/teenused\\\/#primaryimage\"},\"thumbnailUrl\":\"https:\\\/\\\/vastseliinalinnus.ee\\\/wp-content\\\/uploads\\\/2022\\\/05\\\/Vastseliina-14_websize-1024x683.jpg\",\"datePublished\":\"2018-07-04T12:34:06+00:00\",\"dateModified\":\"2023-01-25T13:12:21+00:00\",\"breadcrumb\":{\"@id\":\"https:\\\/\\\/vastseliinalinnus.ee\\\/keskaja-elamuskeskus\\\/teenused\\\/#breadcrumb\"},\"inLanguage\":\"en-US\",\"potentialAction\":[{\"@type\":\"ReadAction\",\"target\":[\"https:\\\/\\\/vastseliinalinnus.ee\\\/keskaja-elamuskeskus\\\/teenused\\\/\"]}]},{\"@type\":\"ImageObject\",\"inLanguage\":\"en-US\",\"@id\":\"https:\\\/\\\/vastseliinalinnus.ee\\\/keskaja-elamuskeskus\\\/teenused\\\/#primaryimage\",\"url\":\"https:\\\/\\\/vastseliinalinnus.ee\\\/wp-content\\\/uploads\\\/2022\\\/05\\\/Vastseliina-14_websize-1024x683.jpg\",\"contentUrl\":\"https:\\\/\\\/vastseliinalinnus.ee\\\/wp-content\\\/uploads\\\/2022\\\/05\\\/Vastseliina-14_websize-1024x683.jpg\"},{\"@type\":\"BreadcrumbList\",\"@id\":\"https:\\\/\\\/vastseliinalinnus.ee\\\/keskaja-elamuskeskus\\\/teenused\\\/#breadcrumb\",\"itemListElement\":[{\"@type\":\"ListItem\",\"position\":1,\"name\":\"Home\",\"item\":\"https:\\\/\\\/vastseliinalinnus.ee\\\/en\\\/\"},{\"@type\":\"ListItem\",\"position\":2,\"name\":\"Medieval theme park\",\"item\":\"https:\\\/\\\/vastseliinalinnus.ee\\\/en\\\/medieval-theme-park\\\/\"},{\"@type\":\"ListItem\",\"position\":3,\"name\":\"Services\"}]},{\"@type\":\"WebSite\",\"@id\":\"https:\\\/\\\/vastseliinalinnus.ee\\\/#website\",\"url\":\"https:\\\/\\\/vastseliinalinnus.ee\\\/\",\"name\":\"Vastseliina linnus\",\"description\":\"\",\"potentialAction\":[{\"@type\":\"SearchAction\",\"target\":{\"@type\":\"EntryPoint\",\"urlTemplate\":\"https:\\\/\\\/vastseliinalinnus.ee\\\/?s={search_term_string}\"},\"query-input\":{\"@type\":\"PropertyValueSpecification\",\"valueRequired\":true,\"valueName\":\"search_term_string\"}}],\"inLanguage\":\"en-US\"}]}<\/script>\n<!-- \/ Yoast SEO plugin. -->","yoast_head_json":{"title":"Services - Vastseliina linnus","robots":{"index":"index","follow":"follow","max-snippet":"max-snippet:-1","max-image-preview":"max-image-preview:large","max-video-preview":"max-video-preview:-1"},"canonical":"https:\/\/vastseliinalinnus.ee\/keskaja-elamuskeskus\/teenused\/","og_locale":"en_US","og_type":"article","og_title":"Services - Vastseliina linnus","og_description":"Vastseliina linnuse keskaja\u00a0elamuskeskuses\u00a0on huvitav ka omap\u00e4i uudistada, aga eriti p\u00f5nevaks muutub ringk\u00e4ik keskaegsete linnuser\u00fc\u00fctlite, lossidaamide, hansakaupmeeste ja alkeemikute j\u00e4lgedes siis, kui muuseumi ringk\u00e4igul keegi linnuserahva hulgast p\u00e4ris t\u00f5esti s\u00fcndinud lugusid ja linnusega seotud legende jutustab. V\u00f5imalust avastada keskaegse elu v\u00f5lusid ja valusid koos linnuseisanda v\u00f5i linnuseemandaga pakume erinevas vanuseklassis 4 vanuseastet j\u00e4rgides erinevaid ekskursioone. Anna [&hellip;]","og_url":"https:\/\/vastseliinalinnus.ee\/keskaja-elamuskeskus\/teenused\/","og_site_name":"Vastseliina linnus","article_publisher":"https:\/\/www.facebook.com\/vastseliina.piiskopilinnus\/","article_modified_time":"2023-01-25T13:12:21+00:00","og_image":[{"url":"https:\/\/vastseliinalinnus.ee\/wp-content\/uploads\/2022\/05\/Vastseliina-14_websize-1024x683.jpg","type":"","width":"","height":""}],"twitter_card":"summary_large_image","twitter_misc":{"Est. reading time":"1 minute"},"schema":{"@context":"https:\/\/schema.org","@graph":[{"@type":"WebPage","@id":"https:\/\/vastseliinalinnus.ee\/keskaja-elamuskeskus\/teenused\/","url":"https:\/\/vastseliinalinnus.ee\/keskaja-elamuskeskus\/teenused\/","name":"Services - Vastseliina linnus","isPartOf":{"@id":"https:\/\/vastseliinalinnus.ee\/#website"},"primaryImageOfPage":{"@id":"https:\/\/vastseliinalinnus.ee\/keskaja-elamuskeskus\/teenused\/#primaryimage"},"image":{"@id":"https:\/\/vastseliinalinnus.ee\/keskaja-elamuskeskus\/teenused\/#primaryimage"},"thumbnailUrl":"https:\/\/vastseliinalinnus.ee\/wp-content\/uploads\/2022\/05\/Vastseliina-14_websize-1024x683.jpg","datePublished":"2018-07-04T12:34:06+00:00","dateModified":"2023-01-25T13:12:21+00:00","breadcrumb":{"@id":"https:\/\/vastseliinalinnus.ee\/keskaja-elamuskeskus\/teenused\/#breadcrumb"},"inLanguage":"en-US","potentialAction":[{"@type":"ReadAction","target":["https:\/\/vastseliinalinnus.ee\/keskaja-elamuskeskus\/teenused\/"]}]},{"@type":"ImageObject","inLanguage":"en-US","@id":"https:\/\/vastseliinalinnus.ee\/keskaja-elamuskeskus\/teenused\/#primaryimage","url":"https:\/\/vastseliinalinnus.ee\/wp-content\/uploads\/2022\/05\/Vastseliina-14_websize-1024x683.jpg","contentUrl":"https:\/\/vastseliinalinnus.ee\/wp-content\/uploads\/2022\/05\/Vastseliina-14_websize-1024x683.jpg"},{"@type":"BreadcrumbList","@id":"https:\/\/vastseliinalinnus.ee\/keskaja-elamuskeskus\/teenused\/#breadcrumb","itemListElement":[{"@type":"ListItem","position":1,"name":"Home","item":"https:\/\/vastseliinalinnus.ee\/en\/"},{"@type":"ListItem","position":2,"name":"Medieval theme park","item":"https:\/\/vastseliinalinnus.ee\/en\/medieval-theme-park\/"},{"@type":"ListItem","position":3,"name":"Services"}]},{"@type":"WebSite","@id":"https:\/\/vastseliinalinnus.ee\/#website","url":"https:\/\/vastseliinalinnus.ee\/","name":"Vastseliina linnus","description":"","potentialAction":[{"@type":"SearchAction","target":{"@type":"EntryPoint","urlTemplate":"https:\/\/vastseliinalinnus.ee\/?s={search_term_string}"},"query-input":{"@type":"PropertyValueSpecification","valueRequired":true,"valueName":"search_term_string"}}],"inLanguage":"en-US"}]}},"_links":{"self":[{"href":"https:\/\/vastseliinalinnus.ee\/en\/wp-json\/wp\/v2\/pages\/1389","targetHints":{"allow":["GET"]}}],"collection":[{"href":"https:\/\/vastseliinalinnus.ee\/en\/wp-json\/wp\/v2\/pages"}],"about":[{"href":"https:\/\/vastseliinalinnus.ee\/en\/wp-json\/wp\/v2\/types\/page"}],"author":[{"embeddable":true,"href":"https:\/\/vastseliinalinnus.ee\/en\/wp-json\/wp\/v2\/users\/1"}],"replies":[{"embeddable":true,"href":"https:\/\/vastseliinalinnus.ee\/en\/wp-json\/wp\/v2\/comments?post=1389"}],"version-history":[{"count":7,"href":"https:\/\/vastseliinalinnus.ee\/en\/wp-json\/wp\/v2\/pages\/1389\/revisions"}],"predecessor-version":[{"id":5609,"href":"https:\/\/vastseliinalinnus.ee\/en\/wp-json\/wp\/v2\/pages\/1389\/revisions\/5609"}],"up":[{"embeddable":true,"href":"https:\/\/vastseliinalinnus.ee\/en\/wp-json\/wp\/v2\/pages\/1378"}],"wp:attachment":[{"href":"https:\/\/vastseliinalinnus.ee\/en\/wp-json\/wp\/v2\/media?parent=1389"}],"curies":[{"name":"wp","href":"https:\/\/api.w.org\/{rel}","templated":true}]}}